{"id":17,"date":"2024-05-09T19:06:05","date_gmt":"2024-05-09T22:06:05","guid":{"rendered":"https:\/\/itausinagem.com.br\/index.php\/mesmerize\/"},"modified":"2024-05-09T21:56:22","modified_gmt":"2024-05-10T00:56:22","slug":"mesmerize","status":"publish","type":"page","link":"https:\/\/itausinagem.com.br\/","title":{"rendered":"Front Page"},"content":{"rendered":"<div  id=\"features-10\" style=\"background-color: rgb(255, 255, 255); background-image: none;\" data-label=\"Features\" data-id=\"features-16-card-bordered\" data-export-id=\"features-16-card-bordered\" data-category=\"features\" class=\"features-16-card-bordered content-section content-section-spacing\"><div  class=\"gridContainer\"> <div  class=\"row text-center\"><div  class=\"section-title-col\" data-type=\"column\"> <h2  class=\"\" style=\"border-bottom-color: rgb(52, 42, 156);\">Quem somos<\/h2> <p  class=\"lead\">Uma empresa com 30 anos de mercado dedicada a solu\u00e7\u00f5es e projetos industriais atendendo manuten\u00e7\u00f5es e corre\u00e7\u00f5es m\u00eacanicas sete dias na semana<\/p><\/div> <\/div> <div  class=\"row spaced-cols center-sm\" data-type=\"row\">  <div  class=\"col-xs-12 col-sm-6 col-md-4\"><div  class=\"card no-padding bordered y-move\">  <div  data-type=\"column\" class=\"col-padding-small col-padding-small-xs description-container\"><img  decoding=\"async\" class=\"custom-image\" src=\"http:\/\/itausinagem.com.br\/wp-content\/uploads\/2024\/05\/cropped-Logo-vertical-preenchido-scaled-2.jpg\" title=\"Logo vertical preenchido\" alt=\"\">  <\/div> <div  data-type=\"column\" class=\"col-padding-small col-padding-small-xs read-more-container\"><\/div> <\/div><\/div>  <\/div><\/div> <\/div><div  id=\"content-13\" style=\"background-color: #f5fafd;\" data-label=\"Content\" data-id=\"content-2\" data-export-id=\"content-2\" data-category=\"content\" class=\"content-2 content-section content-section-spacing\"><div > <div  class=\"row middle-xs\"><div  class=\"col-sm-5 bg-image shadow-large-black\" data-bg=\"image\" style=\"background-image: url(&quot;http:\/\/itausinagem.com.br\/wp-content\/uploads\/2024\/05\/cropped-OIG2.jpeg&quot;);\"><\/div> <div  class=\"col-sm-7 full-col-left-padding full-col-right-padding\"> <div  class=\"row\"> <div  data-type=\"column\" class=\"space-bottom-small content-title-col\">  <h2  class=\"\">Como trabalhamos<\/h2> <p  class=\"\">Uma empresa totalmente dedicada ao&nbsp; cliente, estamos a disposi\u00e7\u00e3o 7 dias na semana e temos disponibilidade para servi\u00e7os de emerg\u00eancia, contamos com um ambiente totalmente preparado para atender nossos clientes, com&nbsp; maquin\u00e1rio e ferramentas precisas como:<\/p><\/div> <\/div> <div  class=\"row spaced-cols \" data-type=\"row\"> <div  class=\"col-xs-6\" data-type=\"column\"> <h5  class=\"\">Torno&nbsp;<\/h5> <p  class=\"\">Utilidades: Por meio do torno mec\u00e2nico, \u00e9 poss\u00edvel confeccionar eixos, polias, pinos, roscas, pe\u00e7as cil\u00edndricas internas e externas, cones, esferas e os mais diversos formatos<\/p><\/div> <div  class=\"col-xs-6\" data-type=\"column\"><h5  class=\"\">Retif\u00edca plana e cilindr\u00edca<\/h5> <p  class=\"\">Ela \u00e9 capaz de conferir medidas exatas a diversas pe\u00e7as e garantir um acabamento preciso.<\/p><\/div> <div  class=\"col-xs-6\" data-type=\"column\"><h5  class=\"\">Fresa&nbsp;<\/h5> <p  class=\"\">&nbsp;fresagem \u00e9 bastamente utilizada na ind\u00fastria para produzir superf\u00edcies planas: A fresa cria superf\u00edcies planas impec\u00e1veis.<br >Contornos complexos: Ela permite criar formas intricadas.<br >Perfis personalizados: A fresa molda perfis espec\u00edficos.<br >Furos precisos: Pode fazer furos em diversas pe\u00e7as e materiais<\/p><\/div> <div  class=\"col-xs-6\" data-type=\"column\"><h5  class=\"\">Eletroeros\u00e3o<\/h5> <p  class=\"\">Fabrica\u00e7\u00e3o de moldes e matrizes.<br >Setor aeroespacial e automotivo.<br >Pe\u00e7as personalizadas e intrincadas.<\/p><\/div> <\/div><\/div> <\/div><\/div> <\/div><div  id=\"servicos\" style=\"background-color: #f5fafd;\" data-label=\"Servi\u00e7os\" data-id=\"portfolio-4\" data-export-id=\"portfolio-4\" data-category=\"portfolio\" class=\"portfolio-4 content-section content-section-spacing-top\"><div  class=\"\"> <div  class=\"row text-center\"><div  class=\"section-title-col\" data-type=\"column\"> <h2  class=\"\">Projetos<\/h2> <\/div> <\/div> <div  data-type=\"row\" class=\"row\" data-fixed=\"true\"> <div  class=\"col-xs-12 col-sm-3 no-gutter-col\"> <div  class=\"contentswap-effect\" data-hover-fx=\"portfolio-4\"> <div  class=\"initial-image\"> <img  decoding=\"async\" data-size=\"542x360\" src=\"http:\/\/itausinagem.com.br\/wp-content\/uploads\/2024\/05\/cropped-Imagem-do-WhatsApp-de-2024-03-18-as-17.45.59_4c2a612d.jpg\"><\/div> <div  class=\"overlay bg-color1\"><\/div> <div  class=\"swap-inner col-xs-12\"> <div  class=\"row full-height-row middle-xs middle-sm\"> <div  class=\"col-xs-12 text-center content-holder\"> <a href=\"#\" target=\"_self\" rel=\"noopener\"><i  class=\"fa icon portfolio-icon fa-search big\" aria-hidden=\"true\"><\/i><\/a><\/div> <\/div><\/div> <\/div><\/div> <div  class=\"col-xs-12 col-sm-3 no-gutter-col\"><div  class=\"contentswap-effect\" data-hover-fx=\"portfolio-4\"> <div  class=\"initial-image\"> <img  decoding=\"async\" data-size=\"542x360\" src=\"http:\/\/itausinagem.com.br\/wp-content\/uploads\/2024\/05\/cropped-Imagem-do-WhatsApp-de-2024-03-18-as-17.45.21_a9a36841.jpg\"><\/div> <div  class=\"overlay bg-color1\"><\/div> <div  class=\"swap-inner col-xs-12\"> <div  class=\"row full-height-row middle-xs middle-sm\"> <div  class=\"col-xs-12 text-center content-holder\"> <a href=\"#\" target=\"_self\" rel=\"noopener\"><i  class=\"fa icon portfolio-icon fa-search big\" aria-hidden=\"true\"><\/i><\/a><\/div> <\/div><\/div> <\/div><\/div> <div  class=\"col-xs-12 col-sm-3 no-gutter-col\"><div  class=\"contentswap-effect\" data-hover-fx=\"portfolio-4\"> <div  class=\"initial-image\"> <img  decoding=\"async\" data-size=\"542x360\" src=\"http:\/\/itausinagem.com.br\/wp-content\/uploads\/2024\/05\/cropped-download-4.jpeg\"><\/div> <div  class=\"overlay bg-color1\"><\/div> <div  class=\"swap-inner col-xs-12\"> <div  class=\"row full-height-row middle-xs middle-sm\"> <div  class=\"col-xs-12 text-center content-holder\"> <a href=\"#\" target=\"_self\" rel=\"noopener\"><i  class=\"fa icon portfolio-icon fa-search big\" aria-hidden=\"true\"><\/i><\/a><\/div> <\/div><\/div> <\/div><\/div> <div  class=\"col-xs-12 col-sm-3 no-gutter-col\"><div  class=\"contentswap-effect\" data-hover-fx=\"portfolio-4\"> <div  class=\"initial-image\"> <img  decoding=\"async\" data-size=\"542x360\" src=\"http:\/\/itausinagem.com.br\/wp-content\/uploads\/2024\/05\/cropped-images-2.jpeg\"><\/div> <div  class=\"overlay bg-color1\"><\/div> <div  class=\"swap-inner col-xs-12\"> <div  class=\"row full-height-row middle-xs middle-sm\"> <div  class=\"col-xs-12 text-center content-holder\"> <a href=\"#\" target=\"_self\" rel=\"noopener\"><i  class=\"fa icon portfolio-icon fa-search big\" aria-hidden=\"true\"><\/i><\/a><\/div> <\/div><\/div> <\/div><\/div> <div  class=\"col-xs-12 col-sm-3 no-gutter-col\"><div  class=\"contentswap-effect\" data-hover-fx=\"portfolio-4\"> <div  class=\"initial-image\"> <img  decoding=\"async\" data-size=\"542x360\" src=\"http:\/\/itausinagem.com.br\/wp-content\/uploads\/2024\/05\/cropped-images-1.jpeg\"><\/div> <div  class=\"overlay bg-color1\"><\/div> <div  class=\"swap-inner col-xs-12\"> <div  class=\"row full-height-row middle-xs middle-sm\"> <div  class=\"col-xs-12 text-center content-holder\"> <a href=\"#\" target=\"_self\" rel=\"noopener\"><i  class=\"fa icon portfolio-icon fa-search big\" aria-hidden=\"true\"><\/i><\/a><\/div> <\/div><\/div> <\/div><\/div> <div  class=\"col-xs-12 col-sm-3 no-gutter-col\"><div  class=\"contentswap-effect\" data-hover-fx=\"portfolio-4\"> <div  class=\"initial-image\"> <img  decoding=\"async\" data-size=\"542x360\" src=\"http:\/\/itausinagem.com.br\/wp-content\/uploads\/2024\/05\/cropped-images.jpeg\"><\/div> <div  class=\"overlay bg-color1\"><\/div> <div  class=\"swap-inner col-xs-12\"> <div  class=\"row full-height-row middle-xs middle-sm\"> <div  class=\"col-xs-12 text-center content-holder\"> <a href=\"#\" target=\"_self\" rel=\"noopener\"><i  class=\"fa icon portfolio-icon fa-search big\" aria-hidden=\"true\"><\/i><\/a><\/div> <\/div><\/div> <\/div><\/div> <div  class=\"col-xs-12 col-sm-3 no-gutter-col\"><div  class=\"contentswap-effect\" data-hover-fx=\"portfolio-4\"> <div  class=\"initial-image\"> <img  decoding=\"async\" data-size=\"542x360\" src=\"http:\/\/itausinagem.com.br\/wp-content\/uploads\/2024\/05\/cropped-download-2.jpeg\"><\/div> <div  class=\"overlay bg-color1\"><\/div> <div  class=\"swap-inner col-xs-12\"> <div  class=\"row full-height-row middle-xs middle-sm\"> <div  class=\"col-xs-12 text-center content-holder\"> <a href=\"#\" target=\"_self\" rel=\"noopener\"><i  class=\"fa icon portfolio-icon fa-search big\" aria-hidden=\"true\"><\/i><\/a><\/div> <\/div><\/div> <\/div><\/div> <div  class=\"col-xs-12 col-sm-3 no-gutter-col\"><div  class=\"contentswap-effect\" data-hover-fx=\"portfolio-4\"> <div  class=\"initial-image\"> <img  decoding=\"async\" data-size=\"542x360\" src=\"http:\/\/itausinagem.com.br\/wp-content\/uploads\/2024\/05\/cropped-download-1.jpeg\"><\/div> <div  class=\"overlay bg-color1\"><\/div> <div  class=\"swap-inner col-xs-12\"> <div  class=\"row full-height-row middle-xs middle-sm\"> <div  class=\"col-xs-12 text-center content-holder\"> <a href=\"#\" target=\"_self\" rel=\"noopener\"><i  class=\"fa icon portfolio-icon fa-search big\" aria-hidden=\"true\"><\/i><\/a><\/div> <\/div><\/div> <\/div><\/div> <\/div><\/div> <\/div><div  id=\"testimonials-5\" style=\"background-color: #ffffff;\" data-label=\"Testimonials\" data-id=\"testimonials-5\" data-export-id=\"testimonials-5\" data-category=\"testimonials\" class=\"testimonials-5 content-section content-section-spacing\"><div  class=\"gridContainer\"> <div  class=\"row\"><div  data-type=\"column\" class=\"section-title-col\"> <h2  class=\"\">Clientes<\/h2> <\/div> <\/div> <div  class=\"row spaced-cols content-center-sm center-sm\" data-type=\"row\">   <div  class=\"col-xs-12 col-sm-6 col-md-4\"> <div  class=\"card y-move bordered\" data-type=\"column\">     <img  decoding=\"async\" class=\"custom-image\" src=\"http:\/\/itausinagem.com.br\/wp-content\/uploads\/2024\/05\/cropped-t.png\" title=\"cropped-t.png\" alt=\"\"><img  decoding=\"async\" class=\"custom-image\" src=\"http:\/\/itausinagem.com.br\/wp-content\/uploads\/2024\/05\/cropped-p-1.png\" title=\"cropped-p-1.png\" alt=\"\"><img  decoding=\"async\" class=\"custom-image\" src=\"http:\/\/itausinagem.com.br\/wp-content\/uploads\/2024\/05\/cropped-m.png\" title=\"cropped-m.png\" alt=\"\"><img  decoding=\"async\" class=\"custom-image\" src=\"http:\/\/itausinagem.com.br\/wp-content\/uploads\/2024\/05\/cropped-l.png\" title=\"cropped-l.png\" alt=\"\"><img  decoding=\"async\" class=\"custom-image\" src=\"http:\/\/itausinagem.com.br\/wp-content\/uploads\/2024\/05\/cropped-j.png\" title=\"cropped-j.png\" alt=\"\"><img  decoding=\"async\" class=\"custom-image\" src=\"http:\/\/itausinagem.com.br\/wp-content\/uploads\/2024\/05\/cropped-k.png\" title=\"cropped-k.png\" alt=\"\"><\/div> <\/div><\/div> <\/div><\/div>","protected":false},"excerpt":{"rendered":"<p>Quem somos Uma empresa com 30 anos de mercado dedicada a solu\u00e7\u00f5es e projetos industriais atendendo manuten\u00e7\u00f5es e corre\u00e7\u00f5es m\u00eacanicas sete dias na semana Como trabalhamos Uma empresa totalmente dedicada ao&nbsp; cliente, estamos a disposi\u00e7\u00e3o 7 dias na semana e temos disponibilidade para servi\u00e7os de emerg\u00eancia, contamos com um ambiente totalmente preparado para atender nossos&hellip; <br \/> <a class=\"read-more\" href=\"https:\/\/itausinagem.com.br\/\">Leia mais<\/a><\/p>\n","protected":false},"author":1,"featured_media":0,"parent":0,"menu_order":0,"comment_status":"closed","ping_status":"closed","template":"page-templates\/homepage.php","meta":{"om_disable_all_campaigns":false,"_monsterinsights_skip_tracking":false,"_monsterinsights_sitenote_active":false,"_monsterinsights_sitenote_note":"","_monsterinsights_sitenote_category":0,"_uf_show_specific_survey":0,"_uf_disable_surveys":false,"footnotes":""},"aioseo_notices":[],"_links":{"self":[{"href":"https:\/\/itausinagem.com.br\/index.php\/wp-json\/wp\/v2\/pages\/17"}],"collection":[{"href":"https:\/\/itausinagem.com.br\/index.php\/wp-json\/wp\/v2\/pages"}],"about":[{"href":"https:\/\/itausinagem.com.br\/index.php\/wp-json\/wp\/v2\/types\/page"}],"author":[{"embeddable":true,"href":"https:\/\/itausinagem.com.br\/index.php\/wp-json\/wp\/v2\/users\/1"}],"replies":[{"embeddable":true,"href":"https:\/\/itausinagem.com.br\/index.php\/wp-json\/wp\/v2\/comments?post=17"}],"version-history":[{"count":3,"href":"https:\/\/itausinagem.com.br\/index.php\/wp-json\/wp\/v2\/pages\/17\/revisions"}],"predecessor-version":[{"id":71,"href":"https:\/\/itausinagem.com.br\/index.php\/wp-json\/wp\/v2\/pages\/17\/revisions\/71"}],"wp:attachment":[{"href":"https:\/\/itausinagem.com.br\/index.php\/wp-json\/wp\/v2\/media?parent=17"}],"curies":[{"name":"wp","href":"https:\/\/api.w.org\/{rel}","templated":true}]}}